{"id":331,"date":"2018-11-28T10:53:11","date_gmt":"2018-11-28T07:53:11","guid":{"rendered":"http:\/\/zidex.modeltheme.com\/?page_id=331"},"modified":"2024-01-03T16:33:34","modified_gmt":"2024-01-03T13:33:34","slug":"contact","status":"publish","type":"page","link":"https:\/\/yhnmadencilik.com\/en\/contact\/","title":{"rendered":"Contact Us"},"content":{"rendered":"<section class=\"wpb-content-wrapper\"><p>[vc_row full_width=&#8221;stretch_row&#8221; css=&#8221;.vc_custom_1693043452968{margin-top: 0px !important;margin-bottom: 0px !important;padding-top: 60px !important;padding-bottom: 30px !important;background-color: #fafafa !important;}&#8221; el_class=&#8221;zidex-contact-page-contact&#8221;][vc_column css=&#8221;.vc_custom_1543482862966{padding-top: 0px !important;padding-right: 0px !important;padding-bottom: 0px !important;padding-left: 0px !important;}&#8221;][vc_row_inner css=&#8221;.vc_custom_1693043367139{margin-bottom: 20px !important;}&#8221;][vc_column_inner]<div class=\"title-subtile-holder  animateIn text_left title_subtitle_style_v2 subtitle_right\" data-animate=\"no_animation\"><h3 style=\"\" class=\"section-title dark_title\">CONTACT US<\/h3><div style=\"\" class=\"section-subtitle dark_subtitle\">BRING DREAMS TO LIFE<\/div><\/div>[\/vc_column_inner][\/vc_row_inner][vc_row_inner css=&#8221;.vc_custom_1543420198704{margin-bottom: 0px !important;}&#8221;][vc_column_inner el_class=&#8221;zidex-contact-page-contact-form&#8221; width=&#8221;7\/12&#8243; css=&#8221;.vc_custom_1544110619108{padding-right: 30px !important;}&#8221;][vc_column_text el_class=&#8221;get_a_quote&#8221; css=&#8221;.vc_custom_1690997642062{background-color: #ffffff !important;}&#8221;]\n<div class=\"wpcf7 no-js\" id=\"wpcf7-f1974-o1\" lang=\"en-US\" dir=\"ltr\">\n<div class=\"screen-reader-response\"><p role=\"status\" aria-live=\"polite\" aria-atomic=\"true\"><\/p> <ul><\/ul><\/div>\n<form action=\"\/en\/wp-json\/wp\/v2\/pages\/331#wpcf7-f1974-o1\" method=\"post\" class=\"wpcf7-form init\" aria-label=\"Contact form\" novalidate=\"novalidate\" data-status=\"init\">\n<div style=\"display: none;\">\n<input type=\"hidden\" name=\"_wpcf7\" value=\"1974\" \/>\n<input type=\"hidden\" name=\"_wpcf7_version\" value=\"5.7.7\" \/>\n<input type=\"hidden\" name=\"_wpcf7_locale\" value=\"en_US\" \/>\n<input type=\"hidden\" name=\"_wpcf7_unit_tag\" value=\"wpcf7-f1974-o1\" \/>\n<input type=\"hidden\" name=\"_wpcf7_container_post\" value=\"0\" \/>\n<input type=\"hidden\" name=\"_wpcf7_posted_data_hash\" value=\"\" \/>\n<\/div>\n<div class=\"zidex-contact row\">\n\t<div class=\"col-md-6\">\n\t\t<p><label><span class=\"wpcf7-form-control-wrap\" data-name=\"first-name\"><input size=\"40\" class=\"wpcf7-form-control wpcf7-text wpcf7-validates-as-required\" aria-required=\"true\" aria-invalid=\"false\" placeholder=\"Name\" value=\"\" type=\"text\" name=\"first-name\" \/><\/span><\/label>\n\t\t<\/p>\n\t<\/div>\n\t<div class=\"col-md-6\">\n\t\t<p><label><span class=\"wpcf7-form-control-wrap\" data-name=\"last-name\"><input size=\"40\" class=\"wpcf7-form-control wpcf7-text wpcf7-validates-as-required\" aria-required=\"true\" aria-invalid=\"false\" placeholder=\"Surname\" value=\"\" type=\"text\" name=\"last-name\" \/><\/span><\/label>\n\t\t<\/p>\n\t<\/div>\n\t<div class=\"col-md-6\">\n\t\t<p><label><span class=\"wpcf7-form-control-wrap\" data-name=\"email\"><input size=\"40\" class=\"wpcf7-form-control wpcf7-text wpcf7-email wpcf7-validates-as-required wpcf7-validates-as-email\" aria-required=\"true\" aria-invalid=\"false\" placeholder=\"E-mail\" value=\"\" type=\"email\" name=\"email\" \/><\/span><\/label>\n\t\t<\/p>\n\t<\/div>\n\t<div class=\"col-md-6\">\n\t\t<p><label><span class=\"wpcf7-form-control-wrap\" data-name=\"your-subject\"><input size=\"40\" class=\"wpcf7-form-control wpcf7-text wpcf7-validates-as-required\" aria-required=\"true\" aria-invalid=\"false\" placeholder=\"Subject\" value=\"\" type=\"text\" name=\"your-subject\" \/><\/span><\/label>\n\t\t<\/p>\n\t<\/div>\n\t<div class=\"col-md-12\">\n\t\t<p><label><span class=\"wpcf7-form-control-wrap\" data-name=\"your-message\"><textarea cols=\"40\" rows=\"10\" class=\"wpcf7-form-control wpcf7-textarea\" aria-invalid=\"false\" placeholder=\"Text (Your Message)\" name=\"your-message\"><\/textarea><\/span><\/label>\n\t\t<\/p>\n\t<\/div>\n\t<div class=\"col-md-12\">\n\t\t<p><button type=\"submit\" class=\"wpcf7-form-control wpcf7-submit\">Send<\/button>\n\t\t<\/p>\n\t<\/div>\n<\/div><div class=\"wpcf7-response-output\" aria-hidden=\"true\"><\/div>\n<\/form>\n<\/div>\n[\/vc_column_text][\/vc_column_inner][vc_column_inner width=&#8221;5\/12&#8243; css=&#8221;.vc_custom_1548167433041{padding-top: 15px !important;padding-left: 30px !important;}&#8221;][vc_column_text el_class=&#8221;zidex-contact-address&#8221;]<\/p>\n<h4 style=\"font-weight: bold; line-height: 28px; color: #151515;\">Address:<\/h4>\n<p style=\"margin-bottom: 30px;\">Via Green \u0130\u015f Merkezi Mustafa Kemal Mah. 2079. Cad No: 2A-44 \u00c7ankaya\/ANKARA<\/p>\n<h4 style=\"font-weight: bold; line-height: 28px; color: #151515;\">E-mail:<\/h4>\n<p style=\"margin-bottom: 30px;\"><a href=\"mailto:info@yhnmadencilik.com\" target=\"_top\" rel=\"noopener noreferrer\">info@yhnmadencilik.com<\/a><\/p>\n<h4><strong>Telephone:<\/strong><\/h4>\n<p><a href=\"tel:+90 535 010 06 87\">+90 535 010 06 87<\/a><\/p>\n<p><a href=\"tel:+90 312 285 33 27\">+90 312 285 33 27<\/a>[\/vc_column_text][\/vc_column_inner][\/vc_row_inner][\/vc_column][\/vc_row][vc_row full_width=&#8221;stretch_row_content_no_spaces&#8221; css=&#8221;.vc_custom_1543420107341{margin-bottom: 0px !important;padding-top: 0px !important;}&#8221;][vc_column css=&#8221;.vc_custom_1543419859271{padding-top: 0px !important;}&#8221;][vc_gmaps link=&#8221;#E-8_JTNDaWZyYW1lJTIwc3JjJTNEJTIyaHR0cHMlM0ElMkYlMkZ3d3cuZ29vZ2xlLmNvbSUyRm1hcHMlMkZlbWJlZCUzRnBiJTNEJTIxMW0xOCUyMTFtMTIlMjExbTMlMjExZDMwNjAuNDgzNjExNTUxOTMlMjEyZDMyLjc0MTI2MjY3NTY5MTg0JTIxM2QzOS45MDgxOTIzODY0MzQxOCUyMTJtMyUyMTFmMCUyMTJmMCUyMTNmMCUyMTNtMiUyMTFpMTAyNCUyMTJpNzY4JTIxNGYxMy4xJTIxM20zJTIxMW0yJTIxMXMweDE0ZDM0N2MzYWJlOTk2NzclMjUzQTB4MTllNjc5N2VhYTFkMmQzNSUyMTJzdmlhLWdyZWVuJTIxNWUwJTIxM20yJTIxMXNydSUyMTJzYXolMjE0djE2OTA5OTg0ODg0MTYlMjE1bTIlMjExc3J1JTIxMnNheiUyMiUyMHdpZHRoJTNEJTIyNjAwJTIyJTIwaGVpZ2h0JTNEJTIyNDUwJTIyJTIwc3R5bGUlM0QlMjJib3JkZXIlM0EwJTNCJTIyJTIwYWxsb3dmdWxsc2NyZWVuJTNEJTIyJTIyJTIwbG9hZGluZyUzRCUyMmxhenklMjIlMjByZWZlcnJlcnBvbGljeSUzRCUyMm5vLXJlZmVycmVyLXdoZW4tZG93bmdyYWRlJTIyJTNFJTNDJTJGaWZyYW1lJTNF&#8221; css=&#8221;.vc_custom_1690998582301{margin-bottom: 0px !important;}&#8221;][\/vc_column][\/vc_row]<\/p>\n<\/section>","protected":false},"excerpt":{"rendered":"<p>[vc_row full_width=&#8221;stretch_row&#8221; css=&#8221;.vc_custom_1693043452968{margin-top: 0px !important;margin-bottom: 0px !important;padding-top: 60px !important;padding-bottom: 30px !important;background-color: #fafafa !important;}&#8221; el_class=&#8221;zidex-contact-page-contact&#8221;][vc_column css=&#8221;.vc_custom_1543482862966{padding-top: 0px !important;padding-right: 0px !important;padding-bottom: 0px !important;padding-left: 0px !important;}&#8221;][vc_row_inner css=&#8221;.vc_custom_1693043367139{margin-bottom: 20px !important;}&#8221;][vc_column_inner][\/vc_column_inner][\/vc_row_inner][vc_row_inner css=&#8221;.vc_custom_1543420198704{margin-bottom: 0px !important;}&#8221;][vc_column_inner el_class=&#8221;zidex-contact-page-contact-form&#8221; width=&#8221;7\/12&#8243; css=&#8221;.vc_custom_1544110619108{padding-right: 30px !important;}&#8221;][vc_column_text el_class=&#8221;get_a_quote&#8221; css=&#8221;.vc_custom_1690997642062{background-color: #ffffff !important;}&#8221;][\/vc_column_text][\/vc_column_inner][vc_column_inner width=&#8221;5\/12&#8243; css=&#8221;.vc_custom_1548167433041{padding-top: 15px !important;padding-left: 30px !important;}&#8221;][vc_column_text el_class=&#8221;zidex-contact-address&#8221;] Address: Via Green \u0130\u015f Merkezi Mustafa Kemal Mah. 2079. Cad [&hellip;]<\/p>\n","protected":false},"author":1,"featured_media":0,"parent":0,"menu_order":0,"comment_status":"closed","ping_status":"closed","template":"","meta":{"footnotes":""},"class_list":["post-331","page","type-page","status-publish","hentry"],"_links":{"self":[{"href":"https:\/\/yhnmadencilik.com\/en\/wp-json\/wp\/v2\/pages\/331","targetHints":{"allow":["GET"]}}],"collection":[{"href":"https:\/\/yhnmadencilik.com\/en\/wp-json\/wp\/v2\/pages"}],"about":[{"href":"https:\/\/yhnmadencilik.com\/en\/wp-json\/wp\/v2\/types\/page"}],"author":[{"embeddable":true,"href":"https:\/\/yhnmadencilik.com\/en\/wp-json\/wp\/v2\/users\/1"}],"replies":[{"embeddable":true,"href":"https:\/\/yhnmadencilik.com\/en\/wp-json\/wp\/v2\/comments?post=331"}],"version-history":[{"count":18,"href":"https:\/\/yhnmadencilik.com\/en\/wp-json\/wp\/v2\/pages\/331\/revisions"}],"predecessor-version":[{"id":3056,"href":"https:\/\/yhnmadencilik.com\/en\/wp-json\/wp\/v2\/pages\/331\/revisions\/3056"}],"wp:attachment":[{"href":"https:\/\/yhnmadencilik.com\/en\/wp-json\/wp\/v2\/media?parent=331"}],"curies":[{"name":"wp","href":"https:\/\/api.w.org\/{rel}","templated":true}]}}