{"id":333,"date":"2018-11-28T10:53:23","date_gmt":"2018-11-28T07:53:23","guid":{"rendered":"http:\/\/zidex.modeltheme.com\/?page_id=333"},"modified":"2023-09-27T00:23:35","modified_gmt":"2023-09-26T21:23:35","slug":"about-us","status":"publish","type":"page","link":"https:\/\/yhnmadencilik.com\/ru\/about-us\/","title":{"rendered":"About us"},"content":{"rendered":"<section class=\"wpb-content-wrapper\"><p>[vc_row css=&#8221;.vc_custom_1693042222431{margin-bottom: 60px !important;padding-top: 90px !important;}&#8221;][vc_column][vc_row_inner][vc_column_inner]<div class=\"title-subtile-holder  animateIn text_right title_subtitle_style_v1\" data-animate=\"no_animation\"><h3 style=\"\" class=\"section-title dark_title\">About Us<\/h3><div style=\"\" class=\"section-title absolute section-title-opacity\">About Us<\/div><div style=\"\" class=\"section-subtitle dark_subtitle\">Project \u2022 Consultancy \u2022 Machinery<\/div><\/div>[\/vc_column_inner][\/vc_row_inner][vc_row_inner][vc_column_inner]<div class=\"title-subtile-holder  animateIn text_left title_subtitle_style_v2 subtitle_right\" data-animate=\"no_animation\"><h3 style=\"\" class=\"section-title dark_title\">NORA GROUP<\/h3><div style=\"\" class=\"section-subtitle dark_subtitle\">Our company, which is a part of NORA GROUP, continues its sectoral activities in the mining field in an effective and actional manner by making use of the total energy of the structure it has created together with our other companies, NORA UN A\u015e, NORA YB LOGISTICS A\u015e, BAHUR TARIM A\u015e.<\/div><\/div>[\/vc_column_inner][\/vc_row_inner][vc_row_inner css=&#8221;.vc_custom_1690315049949{margin-bottom: 0px !important;}&#8221;][vc_column_inner][vc_column_text]<\/p>\n<p class=\"font_8 wixui-rich-text__text\" style=\"text-align: center;\">At our facility located in Kayseri P\u0131narba\u015f\u0131, our operations encompass open pit chromium production and beneficiation. Starting from the exploration phase and carried out by our team and equipment, these activities extend to the export stage.<\/p>\n<p class=\"font_8 wixui-rich-text__text\" style=\"text-align: center;\">As a significant player in the international construction machinery trade, our company continues its uninterrupted efforts to contribute to our national economy by facilitating the supply and delivery of machinery (such as dozers, loaders, excavators, and drilling machines) to our portfolio of customers worldwide, in accordance with their needs and demands. Through its team and a network of suppliers in various countries, our company organizes the procurement and delivery of machinery to the requesting country, ensuring a steady inflow of foreign exchange.<\/p>\n<p style=\"text-align: center;\">In order to serve the purpose of employment and export, we continue our work uninterruptedly in our lead, zinc, copper and barite fields in various regions of our country. Reserve determination activities continue at some of our sites, while some of our sites are in the process of completing pre production bureaucratic procedures. By the end of 2023, we plan to move on to the production and export phase in at least one more site.<\/p>\n<p style=\"text-align: center;\">As a player in the mining sector, we have been engaged in trading drilling equipment for approximately 2 years, fulfilling our role as a user. Operating as the distributor for NEOLIT, a Russian based company in Turkey, the Middle East, Australia, and Africa, our company, YHN MINING, initiated activities in this field. By the end of the first year, our company registered the distributorship of another Russian company, TEKNO ALMAZ, for Turkey under our group company NORA LOGISTICS INC.<\/p>\n<p style=\"text-align: center;\">While holding authorized dealerships for 2 out of the 3 existing companies in the region within our group, a recent visit by our group&#8217;s board of directors to the region led to contacts with the remaining manufacturing company. Following this visit, a protocol was signed with TEREK ALMAZ, allowing YHN MINING to procure any product from TEREK ALMAZ without restrictions or conditions, as stated in the formal agreement.<\/p>\n<p style=\"text-align: center;\">At this point, our company is the sole actor capable of providing all brands from each of the three Russian manufacturers as authorized dealers. As a more significant detail, our company has the unique opportunity to experience firsthand the impact of drilling equipment consumption, a crucial expense in exploration activities an indispensable aspect of mining on mining companies&#8217; balance sheets. With a vision to support its industry partners and contribute to the development of Turkish mining, the company has dedicated its resources, personnel, storage, and working hours. The primary goal has been to prioritize the commercial gain of supporting stakeholders over profits.<\/p>\n<p style=\"text-align: center;\">Leveraging our group&#8217;s financial and logistical capabilities, we possess operational strength that enables us to procure all mentioned products at unrivalled prices. This advantage allows us to offer the products to our stakeholders at highly attractive prices, thus contributing to the industry&#8217;s development.<\/p>\n<p style=\"text-align: center;\">Yours sincerely.<\/p>\n<p>[\/vc_column_text][\/vc_column_inner][\/vc_row_inner][\/vc_column][\/vc_row]<\/p>\n<\/section>","protected":false},"excerpt":{"rendered":"<p>[vc_row css=&#8221;.vc_custom_1693042222431{margin-bottom: 60px !important;padding-top: 90px !important;}&#8221;][vc_column][vc_row_inner][vc_column_inner][\/vc_column_inner][\/vc_row_inner][vc_row_inner][vc_column_inner][\/vc_column_inner][\/vc_row_inner][vc_row_inner css=&#8221;.vc_custom_1690315049949{margin-bottom: 0px !important;}&#8221;][vc_column_inner][vc_column_text] At our facility located in Kayseri P\u0131narba\u015f\u0131, our operations encompass open pit chromium production and beneficiation. Starting from the exploration phase and carried out by our team and equipment, these activities extend to the export stage. As a significant player in the international construction machinery trade, [&hellip;]<\/p>\n","protected":false},"author":1,"featured_media":0,"parent":0,"menu_order":0,"comment_status":"closed","ping_status":"closed","template":"","meta":{"footnotes":""},"class_list":["post-333","page","type-page","status-publish","hentry"],"_links":{"self":[{"href":"https:\/\/yhnmadencilik.com\/ru\/wp-json\/wp\/v2\/pages\/333","targetHints":{"allow":["GET"]}}],"collection":[{"href":"https:\/\/yhnmadencilik.com\/ru\/wp-json\/wp\/v2\/pages"}],"about":[{"href":"https:\/\/yhnmadencilik.com\/ru\/wp-json\/wp\/v2\/types\/page"}],"author":[{"embeddable":true,"href":"https:\/\/yhnmadencilik.com\/ru\/wp-json\/wp\/v2\/users\/1"}],"replies":[{"embeddable":true,"href":"https:\/\/yhnmadencilik.com\/ru\/wp-json\/wp\/v2\/comments?post=333"}],"version-history":[{"count":21,"href":"https:\/\/yhnmadencilik.com\/ru\/wp-json\/wp\/v2\/pages\/333\/revisions"}],"predecessor-version":[{"id":2991,"href":"https:\/\/yhnmadencilik.com\/ru\/wp-json\/wp\/v2\/pages\/333\/revisions\/2991"}],"wp:attachment":[{"href":"https:\/\/yhnmadencilik.com\/ru\/wp-json\/wp\/v2\/media?parent=333"}],"curies":[{"name":"wp","href":"https:\/\/api.w.org\/{rel}","templated":true}]}}