{"id":409,"date":"2018-11-29T14:12:17","date_gmt":"2018-11-29T14:12:17","guid":{"rendered":"http:\/\/zidex.modeltheme.com\/?page_id=409"},"modified":"2023-09-26T23:38:38","modified_gmt":"2023-09-26T20:38:38","slug":"barite-mine-project-gumushane-siran","status":"publish","type":"page","link":"https:\/\/yhnmadencilik.com\/ru\/operations-and-projects\/barite-mine-project-gumushane-siran\/","title":{"rendered":"Barite Mine Project &#8211; G\u00fcm\u00fc\u015fhane"},"content":{"rendered":"<section class=\"wpb-content-wrapper\"><p>[vc_row css=&#8221;.vc_custom_1693143022230{margin-top: 1px !important;margin-bottom: 0px !important;}&#8221;][vc_column css=&#8221;.vc_custom_1693143119209{margin-top: 1px !important;}&#8221;][vc_gallery type=&#8221;nivo&#8221; interval=&#8221;3&#8243; images=&#8221;2502,2503,2504,2505&#8243; img_size=&#8221;1024*400&#8243; css=&#8221;.vc_custom_1693231475142{margin-bottom: 1px !important;padding-bottom: 1px !important;}&#8221;][\/vc_column][\/vc_row][vc_row css=&#8221;.vc_custom_1693144048855{margin-top: 1px !important;margin-bottom: 0px !important;padding-top: 1px !important;padding-bottom: 5px !important;}&#8221;][vc_column width=&#8221;2\/3&#8243; css=&#8221;.vc_custom_1693144039746{margin-top: 1px !important;padding-top: 1px !important;padding-right: 45px !important;padding-bottom: 1px !important;padding-left: 45px !important;}&#8221;][vc_column_text css=&#8221;.vc_custom_1695760557578{margin-top: 1px !important;}&#8221;]<\/p>\n<h3 style=\"font-weight: bold; margin-bottom: 30px;\">Barite Mine Project \u2013 G\u00fcm\u00fc\u015fhane, \u015eiran<\/h3>\n<p>[\/vc_column_text][vc_column_text css=&#8221;.vc_custom_1695760571260{margin-bottom: 30px !important;}&#8221;]Our active operations are ongoing. Our machinery is on-site, and work commenced before the production phase. After completing resource and modelling processes, emphasis will be placed on production and drilling planning.[\/vc_column_text][\/vc_column][vc_column width=&#8221;1\/3&#8243; css=&#8221;.vc_custom_1693143925285{margin-top: 1px !important;}&#8221;][vc_column_text css=&#8221;.vc_custom_1695760714861{margin-bottom: 50px !important;}&#8221;]<\/p>\n<div class=\"project-details-top\">\n<h3><span style=\"font-size: 16px;\">Project Details<\/span><\/h3>\n<\/div>\n<div class=\"project-details-content\">\n<table style=\"width: 100%;\">\n<tbody>\n<tr>\n<td>Province:<\/td>\n<td>G\u00fcm\u00fc\u015fhane<\/td>\n<\/tr>\n<tr>\n<td>District:<\/td>\n<td>\u015eiran<\/td>\n<\/tr>\n<tr>\n<td>Area:<\/td>\n<td>582.33 Hectare<\/td>\n<\/tr>\n<\/tbody>\n<\/table>\n<\/div>\n<p>[\/vc_column_text][\/vc_column][\/vc_row]<\/p>\n<\/section>","protected":false},"excerpt":{"rendered":"<p>[vc_row css=&#8221;.vc_custom_1693143022230{margin-top: 1px !important;margin-bottom: 0px !important;}&#8221;][vc_column css=&#8221;.vc_custom_1693143119209{margin-top: 1px !important;}&#8221;][vc_gallery type=&#8221;nivo&#8221; interval=&#8221;3&#8243; images=&#8221;2502,2503,2504,2505&#8243; img_size=&#8221;1024*400&#8243; css=&#8221;.vc_custom_1693231475142{margin-bottom: 1px !important;padding-bottom: 1px !important;}&#8221;][\/vc_column][\/vc_row][vc_row css=&#8221;.vc_custom_1693144048855{margin-top: 1px !important;margin-bottom: 0px !important;padding-top: 1px !important;padding-bottom: 5px !important;}&#8221;][vc_column width=&#8221;2\/3&#8243; css=&#8221;.vc_custom_1693144039746{margin-top: 1px !important;padding-top: 1px !important;padding-right: 45px !important;padding-bottom: 1px !important;padding-left: 45px !important;}&#8221;][vc_column_text css=&#8221;.vc_custom_1695760557578{margin-top: 1px !important;}&#8221;] Barite Mine Project \u2013 G\u00fcm\u00fc\u015fhane, \u015eiran [\/vc_column_text][vc_column_text css=&#8221;.vc_custom_1695760571260{margin-bottom: 30px !important;}&#8221;]Our active operations are [&hellip;]<\/p>\n","protected":false},"author":1,"featured_media":2509,"parent":327,"menu_order":0,"comment_status":"closed","ping_status":"closed","template":"","meta":{"footnotes":""},"class_list":["post-409","page","type-page","status-publish","has-post-thumbnail","hentry"],"_links":{"self":[{"href":"https:\/\/yhnmadencilik.com\/ru\/wp-json\/wp\/v2\/pages\/409","targetHints":{"allow":["GET"]}}],"collection":[{"href":"https:\/\/yhnmadencilik.com\/ru\/wp-json\/wp\/v2\/pages"}],"about":[{"href":"https:\/\/yhnmadencilik.com\/ru\/wp-json\/wp\/v2\/types\/page"}],"author":[{"embeddable":true,"href":"https:\/\/yhnmadencilik.com\/ru\/wp-json\/wp\/v2\/users\/1"}],"replies":[{"embeddable":true,"href":"https:\/\/yhnmadencilik.com\/ru\/wp-json\/wp\/v2\/comments?post=409"}],"version-history":[{"count":17,"href":"https:\/\/yhnmadencilik.com\/ru\/wp-json\/wp\/v2\/pages\/409\/revisions"}],"predecessor-version":[{"id":2981,"href":"https:\/\/yhnmadencilik.com\/ru\/wp-json\/wp\/v2\/pages\/409\/revisions\/2981"}],"up":[{"embeddable":true,"href":"https:\/\/yhnmadencilik.com\/ru\/wp-json\/wp\/v2\/pages\/327"}],"wp:featuredmedia":[{"embeddable":true,"href":"https:\/\/yhnmadencilik.com\/ru\/wp-json\/wp\/v2\/media\/2509"}],"wp:attachment":[{"href":"https:\/\/yhnmadencilik.com\/ru\/wp-json\/wp\/v2\/media?parent=409"}],"curies":[{"name":"wp","href":"https:\/\/api.w.org\/{rel}","templated":true}]}}