{"id":413,"date":"2018-11-29T14:12:59","date_gmt":"2018-11-29T14:12:59","guid":{"rendered":"http:\/\/zidex.modeltheme.com\/?page_id=413"},"modified":"2023-09-26T23:52:10","modified_gmt":"2023-09-26T20:52:10","slug":"zinc-lead-mine-project-izmir-bayindir","status":"publish","type":"page","link":"https:\/\/yhnmadencilik.com\/ru\/operations-and-projects\/zinc-lead-mine-project-izmir-bayindir\/","title":{"rendered":"Zinc-Lead Mine Project &#8211; \u0130zmir"},"content":{"rendered":"<section class=\"wpb-content-wrapper\"><p>[vc_row css=&#8221;.vc_custom_1693230757413{margin-top: 1px !important;margin-bottom: 1px !important;padding-bottom: 1px !important;}&#8221;][vc_column css=&#8221;.vc_custom_1693230508654{margin-top: 1px !important;}&#8221;][vc_gallery type=&#8221;nivo&#8221; interval=&#8221;3&#8243; images=&#8221;2354,2353,2352,2351&#8243; img_size=&#8221;1920&#215;400&#8243; css=&#8221;.vc_custom_1693231367755{margin-bottom: 3px !important;border-bottom-width: 2px !important;padding-bottom: 1px !important;}&#8221;][\/vc_column][\/vc_row][vc_row css=&#8221;.vc_custom_1693140844309{margin-bottom: 0px !important;padding-bottom: 5px !important;}&#8221;][vc_column width=&#8221;2\/3&#8243; css=&#8221;.vc_custom_1693140757899{padding-right: 45px !important;padding-bottom: 30px !important;padding-left: 45px !important;}&#8221;][vc_column_text]<\/p>\n<h3 style=\"font-weight: bold; margin-bottom: 30px;\">Zinc-Lead Mine Project \u2013 \u0130zmir, Bay\u0131nd\u0131r<\/h3>\n<p>[\/vc_column_text][vc_column_text css=&#8221;.vc_custom_1695761480023{margin-bottom: 30px !important;}&#8221;]We await legal permits from the Republic of Turkey&#8217;s Ministry of Agriculture and Forestry. Once the legal permits are obtained, drilling activities will be initiated.[\/vc_column_text][\/vc_column][vc_column width=&#8221;1\/3&#8243;][vc_column_text css=&#8221;.vc_custom_1695761519348{margin-bottom: 50px !important;}&#8221;]<\/p>\n<div class=\"project-details-top\">\n<h3>Project Details<\/h3>\n<\/div>\n<div class=\"project-details-content\">\n<table style=\"width: 100%;\">\n<tbody>\n<tr>\n<td>Province:<\/td>\n<td>\u0130zmir<\/td>\n<\/tr>\n<tr>\n<td>District:<\/td>\n<td>Bay\u0131nd\u0131r<\/td>\n<\/tr>\n<tr>\n<td>Area:<\/td>\n<td>1392.5 Hectare<\/td>\n<\/tr>\n<\/tbody>\n<\/table>\n<\/div>\n<p>[\/vc_column_text][\/vc_column][\/vc_row]<\/p>\n<\/section>","protected":false},"excerpt":{"rendered":"<p>[vc_row css=&#8221;.vc_custom_1693230757413{margin-top: 1px !important;margin-bottom: 1px !important;padding-bottom: 1px !important;}&#8221;][vc_column css=&#8221;.vc_custom_1693230508654{margin-top: 1px !important;}&#8221;][vc_gallery type=&#8221;nivo&#8221; interval=&#8221;3&#8243; images=&#8221;2354,2353,2352,2351&#8243; img_size=&#8221;1920&#215;400&#8243; css=&#8221;.vc_custom_1693231367755{margin-bottom: 3px !important;border-bottom-width: 2px !important;padding-bottom: 1px !important;}&#8221;][\/vc_column][\/vc_row][vc_row css=&#8221;.vc_custom_1693140844309{margin-bottom: 0px !important;padding-bottom: 5px !important;}&#8221;][vc_column width=&#8221;2\/3&#8243; css=&#8221;.vc_custom_1693140757899{padding-right: 45px !important;padding-bottom: 30px !important;padding-left: 45px !important;}&#8221;][vc_column_text] Zinc-Lead Mine Project \u2013 \u0130zmir, Bay\u0131nd\u0131r [\/vc_column_text][vc_column_text css=&#8221;.vc_custom_1695761480023{margin-bottom: 30px !important;}&#8221;]We await legal permits from the Republic of Turkey&#8217;s Ministry of [&hellip;]<\/p>\n","protected":false},"author":1,"featured_media":2351,"parent":327,"menu_order":0,"comment_status":"closed","ping_status":"closed","template":"","meta":{"footnotes":""},"class_list":["post-413","page","type-page","status-publish","has-post-thumbnail","hentry"],"_links":{"self":[{"href":"https:\/\/yhnmadencilik.com\/ru\/wp-json\/wp\/v2\/pages\/413","targetHints":{"allow":["GET"]}}],"collection":[{"href":"https:\/\/yhnmadencilik.com\/ru\/wp-json\/wp\/v2\/pages"}],"about":[{"href":"https:\/\/yhnmadencilik.com\/ru\/wp-json\/wp\/v2\/types\/page"}],"author":[{"embeddable":true,"href":"https:\/\/yhnmadencilik.com\/ru\/wp-json\/wp\/v2\/users\/1"}],"replies":[{"embeddable":true,"href":"https:\/\/yhnmadencilik.com\/ru\/wp-json\/wp\/v2\/comments?post=413"}],"version-history":[{"count":24,"href":"https:\/\/yhnmadencilik.com\/ru\/wp-json\/wp\/v2\/pages\/413\/revisions"}],"predecessor-version":[{"id":2985,"href":"https:\/\/yhnmadencilik.com\/ru\/wp-json\/wp\/v2\/pages\/413\/revisions\/2985"}],"up":[{"embeddable":true,"href":"https:\/\/yhnmadencilik.com\/ru\/wp-json\/wp\/v2\/pages\/327"}],"wp:featuredmedia":[{"embeddable":true,"href":"https:\/\/yhnmadencilik.com\/ru\/wp-json\/wp\/v2\/media\/2351"}],"wp:attachment":[{"href":"https:\/\/yhnmadencilik.com\/ru\/wp-json\/wp\/v2\/media?parent=413"}],"curies":[{"name":"wp","href":"https:\/\/api.w.org\/{rel}","templated":true}]}}