{"id":2664,"date":"2023-09-02T23:02:55","date_gmt":"2023-09-02T20:02:55","guid":{"rendered":"https:\/\/yhnmadencilik.com\/?post_type=product&#038;p=2664"},"modified":"2023-09-03T14:07:01","modified_gmt":"2023-09-03T11:07:01","slug":"bobcat-2005-mini-yukleyici","status":"publish","type":"product","link":"https:\/\/yhnmadencilik.com\/ru\/products\/bobcat-2005-mini-yukleyici\/","title":{"rendered":"BOBCAT 2005 Mini Y\u00fckleyici"},"content":{"rendered":"","protected":false},"excerpt":{"rendered":"<p>Bobcat i\u015f makinesi, mini y\u00fckleyici olarak bilinen bir i\u015f makinesidir. Y\u00fckleme ve kald\u0131rma i\u015flemleri i\u00e7in kullan\u0131lmaktad\u0131r. 4 teker \u00e7eki\u015fli bir makinedir. Makinenin \u00f6n\u00fcnde kep\u00e7e bulunmaktad\u0131r. Kep\u00e7e k\u0131s\u0131mlar\u0131 s\u00f6k\u00fclebilmektedir. Bu sayede yap\u0131lacak i\u015fe g\u00f6re farkl\u0131 ata\u015fmanlar kullan\u0131labilmektedir.<\/p>\n","protected":false},"featured_media":2665,"template":"","meta":[],"product_cat":[43],"product_tag":[],"class_list":["post-2664","product","type-product","status-publish","has-post-thumbnail","hentry","product_cat-vehicle-park"],"_links":{"self":[{"href":"https:\/\/yhnmadencilik.com\/ru\/wp-json\/wp\/v2\/product\/2664","targetHints":{"allow":["GET"]}}],"collection":[{"href":"https:\/\/yhnmadencilik.com\/ru\/wp-json\/wp\/v2\/product"}],"about":[{"href":"https:\/\/yhnmadencilik.com\/ru\/wp-json\/wp\/v2\/types\/product"}],"wp:featuredmedia":[{"embeddable":true,"href":"https:\/\/yhnmadencilik.com\/ru\/wp-json\/wp\/v2\/media\/2665"}],"wp:attachment":[{"href":"https:\/\/yhnmadencilik.com\/ru\/wp-json\/wp\/v2\/media?parent=2664"}],"wp:term":[{"taxonomy":"product_cat","embeddable":true,"href":"https:\/\/yhnmadencilik.com\/ru\/wp-json\/wp\/v2\/product_cat?post=2664"},{"taxonomy":"product_tag","embeddable":true,"href":"https:\/\/yhnmadencilik.com\/ru\/wp-json\/wp\/v2\/product_tag?post=2664"}],"curies":[{"name":"wp","href":"https:\/\/api.w.org\/{rel}","templated":true}]}}