{"id":2671,"date":"2023-09-03T00:06:43","date_gmt":"2023-09-02T21:06:43","guid":{"rendered":"https:\/\/yhnmadencilik.com\/?post_type=product&#038;p=2671"},"modified":"2023-09-03T14:06:52","modified_gmt":"2023-09-03T11:06:52","slug":"shanmon-loader-956","status":"publish","type":"product","link":"https:\/\/yhnmadencilik.com\/ru\/products\/shanmon-loader-956\/","title":{"rendered":"SHANMON Loader 956"},"content":{"rendered":"","protected":false},"excerpt":{"rendered":"<ul type=\"none\">\n<li><i class=\"fa fa-wrench\" style=\"color: #ffb716; margin-right: 10px;\"><\/i> A\u011f\u0131rl\u0131k: ___ T<\/li>\n<li><i class=\"fa fa-wrench\" style=\"color: #ffb716; margin-right: 10px;\"><\/i> Kep\u00e7e geni\u015fli\u011fi: ___ m<\/li>\n<li><i class=\"fa fa-wrench\" style=\"color: #ffb716; margin-right: 10px;\"><\/i> Kova kapasitesi: ___ m\u00b3<\/li>\n<li><i class=\"fa fa-wrench\" style=\"color: #ffb716; margin-right: 10px;\"><\/i> S\u00fcr\u00fcc\u00fc: _<\/li>\n<li><i class=\"fa fa-wrench\" style=\"color: #ffb716; margin-right: 10px;\"><\/i> Ta\u015f\u0131ma uzunlu\u011fu: ___ m<\/li>\n<li><i class=\"fa fa-wrench\" style=\"color: #ffb716; margin-right: 10px;\"><\/i> Ta\u015f\u0131ma geni\u015fli\u011fi: ___ m<\/li>\n<\/ul>\n[video width=\"1280\" height=\"720\" mp4=\"https:\/\/yhnmadencilik.com\/wp-content\/uploads\/2023\/09\/Shanmon-956-5-Ton-Wheel-Loader-Operating-Video.mp4\"][\/video]\n","protected":false},"featured_media":2673,"template":"","meta":[],"product_cat":[43],"product_tag":[],"class_list":["post-2671","product","type-product","status-publish","has-post-thumbnail","hentry","product_cat-vehicle-park"],"_links":{"self":[{"href":"https:\/\/yhnmadencilik.com\/ru\/wp-json\/wp\/v2\/product\/2671","targetHints":{"allow":["GET"]}}],"collection":[{"href":"https:\/\/yhnmadencilik.com\/ru\/wp-json\/wp\/v2\/product"}],"about":[{"href":"https:\/\/yhnmadencilik.com\/ru\/wp-json\/wp\/v2\/types\/product"}],"wp:featuredmedia":[{"embeddable":true,"href":"https:\/\/yhnmadencilik.com\/ru\/wp-json\/wp\/v2\/media\/2673"}],"wp:attachment":[{"href":"https:\/\/yhnmadencilik.com\/ru\/wp-json\/wp\/v2\/media?parent=2671"}],"wp:term":[{"taxonomy":"product_cat","embeddable":true,"href":"https:\/\/yhnmadencilik.com\/ru\/wp-json\/wp\/v2\/product_cat?post=2671"},{"taxonomy":"product_tag","embeddable":true,"href":"https:\/\/yhnmadencilik.com\/ru\/wp-json\/wp\/v2\/product_tag?post=2671"}],"curies":[{"name":"wp","href":"https:\/\/api.w.org\/{rel}","templated":true}]}}