{"id":2677,"date":"2023-09-03T00:46:05","date_gmt":"2023-09-02T21:46:05","guid":{"rendered":"https:\/\/yhnmadencilik.com\/?post_type=product&#038;p=2677"},"modified":"2023-09-03T14:06:42","modified_gmt":"2023-09-03T11:06:42","slug":"ford-4142d-harfiyat-kamyonu","status":"publish","type":"product","link":"https:\/\/yhnmadencilik.com\/ru\/products\/ford-4142d-harfiyat-kamyonu\/","title":{"rendered":"FORD 4142D Harfiyat Kamyonu"},"content":{"rendered":"","protected":false},"excerpt":{"rendered":"<ul type=\"none\">\n<li><i class=\"fa fa-wrench\" style=\"color: #ffb716; margin-right: 10px;\"><\/i> Aks Konfig\u00fcrasyonu: 8&#215;4<\/li>\n<li><i class=\"fa fa-wrench\" style=\"color: #ffb716; margin-right: 10px;\"><\/i> Kabin: Al\u00e7ak Tavan &#8211; Yataks\u0131z Kabin<\/li>\n<li><i class=\"fa fa-wrench\" style=\"color: #ffb716; margin-right: 10px;\"><\/i> Motor Tipi: Ecotorq 12,7 L<\/li>\n<li><i class=\"fa fa-wrench\" style=\"color: #ffb716; margin-right: 10px;\"><\/i> Motor G\u00fcc\u00fc: 420 PS<\/li>\n<li><i class=\"fa fa-wrench\" style=\"color: #ffb716; margin-right: 10px;\"><\/i> Tork: 2150 Nm<\/li>\n<li><i class=\"fa fa-wrench\" style=\"color: #ffb716; margin-right: 10px;\"><\/i> Yak\u0131t Tank\u0131 315 L<\/li>\n<li><i class=\"fa fa-wrench\" style=\"color: #ffb716; margin-right: 10px;\"><\/i> \u015eanz\u0131man: ZF 16S 2230 \/Ecotorq 16S 2600 OD AMT<\/li>\n<li><i class=\"fa fa-wrench\" style=\"color: #ffb716; margin-right: 10px;\"><\/i> Dingil Aral\u0131\u011f\u0131: 5100 mm<\/li>\n<\/ul>\n<p>[vc_row][vc_column][vc_btn title=&#8221;Detayl\u0131 F\u00f6y&#8221; shape=&#8221;square&#8221; color=&#8221;warning&#8221; link=&#8221;url:https%3A%2F%2Fyhnmadencilik.com%2Fford_4142d.pdf|title:FORD%204142D%20Harfiyat%20Kamyonu|target:_blank&#8221;][\/vc_column][\/vc_row]<\/p>\n","protected":false},"featured_media":2681,"template":"","meta":[],"product_cat":[43],"product_tag":[],"class_list":["post-2677","product","type-product","status-publish","has-post-thumbnail","hentry","product_cat-vehicle-park"],"_links":{"self":[{"href":"https:\/\/yhnmadencilik.com\/ru\/wp-json\/wp\/v2\/product\/2677","targetHints":{"allow":["GET"]}}],"collection":[{"href":"https:\/\/yhnmadencilik.com\/ru\/wp-json\/wp\/v2\/product"}],"about":[{"href":"https:\/\/yhnmadencilik.com\/ru\/wp-json\/wp\/v2\/types\/product"}],"wp:featuredmedia":[{"embeddable":true,"href":"https:\/\/yhnmadencilik.com\/ru\/wp-json\/wp\/v2\/media\/2681"}],"wp:attachment":[{"href":"https:\/\/yhnmadencilik.com\/ru\/wp-json\/wp\/v2\/media?parent=2677"}],"wp:term":[{"taxonomy":"product_cat","embeddable":true,"href":"https:\/\/yhnmadencilik.com\/ru\/wp-json\/wp\/v2\/product_cat?post=2677"},{"taxonomy":"product_tag","embeddable":true,"href":"https:\/\/yhnmadencilik.com\/ru\/wp-json\/wp\/v2\/product_tag?post=2677"}],"curies":[{"name":"wp","href":"https:\/\/api.w.org\/{rel}","templated":true}]}}