{"id":744,"date":"2018-12-12T15:06:40","date_gmt":"2018-12-12T12:06:40","guid":{"rendered":"https:\/\/zidex.modeltheme.com\/?post_type=product&#038;p=744"},"modified":"2023-09-03T14:07:09","modified_gmt":"2023-09-03T11:07:09","slug":"doosan-loader-2007","status":"publish","type":"product","link":"https:\/\/yhnmadencilik.com\/ru\/products\/doosan-loader-2007\/","title":{"rendered":"DOOSAN LOADER 2007"},"content":{"rendered":"","protected":false},"excerpt":{"rendered":"<p>Loder i\u015f makinas\u0131n\u0131n arka ve \u00f6n taraf\u0131nda \u00e7e\u015fitli \u00f6zelliklerde kovalar bulunur. Bu kovalar kazma ve y\u00fckleme i\u015flemlerinin yap\u0131lmas\u0131na olanak sa\u011flar. Arka k\u0131s\u0131mda bulunan kova kazma i\u015finde kullan\u0131l\u0131r. \u00d6n k\u0131s\u0131mdaki kova ise kazma, d\u00fczle\u015ftirme ve y\u00fckleme amac\u0131yla kullan\u0131l\u0131r.<\/p>\n<ul type=\"none\">\n<li><i class=\"fa fa-wrench\" style=\"color: #ffb716; margin-right: 10px;\"><\/i> A\u011f\u0131rl\u0131k: 18.1 T<\/li>\n<li><i class=\"fa fa-wrench\" style=\"color: #ffb716; margin-right: 10px;\"><\/i> Standart lastikler: 23.5 %25 L3<\/li>\n<li><i class=\"fa fa-wrench\" style=\"color: #ffb716; margin-right: 10px;\"><\/i> Kep\u00e7e geni\u015fli\u011fi: 2.92 m<\/li>\n<li><i class=\"fa fa-wrench\" style=\"color: #ffb716; margin-right: 10px;\"><\/i> Kova kapasitesi: 3 m\u00b3<\/li>\n<li><i class=\"fa fa-wrench\" style=\"color: #ffb716; margin-right: 10px;\"><\/i> Min. kova kapasitesi: 3 m\u00b3<\/li>\n<li><i class=\"fa fa-wrench\" style=\"color: #ffb716; margin-right: 10px;\"><\/i> Direksiyon modu: KL<\/li>\n<\/ul>\n","protected":false},"featured_media":2196,"template":"","meta":[],"product_cat":[43],"product_tag":[],"class_list":["post-744","product","type-product","status-publish","has-post-thumbnail","hentry","product_cat-vehicle-park"],"_links":{"self":[{"href":"https:\/\/yhnmadencilik.com\/ru\/wp-json\/wp\/v2\/product\/744","targetHints":{"allow":["GET"]}}],"collection":[{"href":"https:\/\/yhnmadencilik.com\/ru\/wp-json\/wp\/v2\/product"}],"about":[{"href":"https:\/\/yhnmadencilik.com\/ru\/wp-json\/wp\/v2\/types\/product"}],"wp:featuredmedia":[{"embeddable":true,"href":"https:\/\/yhnmadencilik.com\/ru\/wp-json\/wp\/v2\/media\/2196"}],"wp:attachment":[{"href":"https:\/\/yhnmadencilik.com\/ru\/wp-json\/wp\/v2\/media?parent=744"}],"wp:term":[{"taxonomy":"product_cat","embeddable":true,"href":"https:\/\/yhnmadencilik.com\/ru\/wp-json\/wp\/v2\/product_cat?post=744"},{"taxonomy":"product_tag","embeddable":true,"href":"https:\/\/yhnmadencilik.com\/ru\/wp-json\/wp\/v2\/product_tag?post=744"}],"curies":[{"name":"wp","href":"https:\/\/api.w.org\/{rel}","templated":true}]}}