{"id":746,"date":"2018-12-12T15:07:35","date_gmt":"2018-12-12T12:07:35","guid":{"rendered":"https:\/\/zidex.modeltheme.com\/?post_type=product&#038;p=746"},"modified":"2023-09-03T14:07:18","modified_gmt":"2023-09-03T11:07:18","slug":"jcb-cat-428f2-2011","status":"publish","type":"product","link":"https:\/\/yhnmadencilik.com\/ru\/products\/jcb-cat-428f2-2011\/","title":{"rendered":"JCB CAT 428F2 2011"},"content":{"rendered":"","protected":false},"excerpt":{"rendered":"<ul type=\"none\">\n<li><i class=\"fa fa-wrench\" style=\"color: #ffb716; margin-right: 10px;\"><\/i> A\u011f\u0131rl\u0131k: 8.42 T<\/li>\n<li><i class=\"fa fa-wrench\" style=\"color: #ffb716; margin-right: 10px;\"><\/i> Kep\u00e7e geni\u015fli\u011fi: 2.41 m<\/li>\n<li><i class=\"fa fa-wrench\" style=\"color: #ffb716; margin-right: 10px;\"><\/i> Kova kapasitesi: 1.03 m\u00b3<\/li>\n<li><i class=\"fa fa-wrench\" style=\"color: #ffb716; margin-right: 10px;\"><\/i> S\u00fcr\u00fcc\u00fc: A<\/li>\n<li><i class=\"fa fa-wrench\" style=\"color: #ffb716; margin-right: 10px;\"><\/i> Ta\u015f\u0131ma uzunlu\u011fu: 5.7 m<\/li>\n<li><i class=\"fa fa-wrench\" style=\"color: #ffb716; margin-right: 10px;\"><\/i> Ta\u015f\u0131ma geni\u015fli\u011fi: 2.35 m<\/li>\n<\/ul>\n","protected":false},"featured_media":2588,"template":"","meta":[],"product_cat":[43],"product_tag":[],"class_list":["post-746","product","type-product","status-publish","has-post-thumbnail","hentry","product_cat-vehicle-park"],"_links":{"self":[{"href":"https:\/\/yhnmadencilik.com\/ru\/wp-json\/wp\/v2\/product\/746","targetHints":{"allow":["GET"]}}],"collection":[{"href":"https:\/\/yhnmadencilik.com\/ru\/wp-json\/wp\/v2\/product"}],"about":[{"href":"https:\/\/yhnmadencilik.com\/ru\/wp-json\/wp\/v2\/types\/product"}],"wp:featuredmedia":[{"embeddable":true,"href":"https:\/\/yhnmadencilik.com\/ru\/wp-json\/wp\/v2\/media\/2588"}],"wp:attachment":[{"href":"https:\/\/yhnmadencilik.com\/ru\/wp-json\/wp\/v2\/media?parent=746"}],"wp:term":[{"taxonomy":"product_cat","embeddable":true,"href":"https:\/\/yhnmadencilik.com\/ru\/wp-json\/wp\/v2\/product_cat?post=746"},{"taxonomy":"product_tag","embeddable":true,"href":"https:\/\/yhnmadencilik.com\/ru\/wp-json\/wp\/v2\/product_tag?post=746"}],"curies":[{"name":"wp","href":"https:\/\/api.w.org\/{rel}","templated":true}]}}