{"id":748,"date":"2018-12-12T15:08:32","date_gmt":"2018-12-12T12:08:32","guid":{"rendered":"https:\/\/zidex.modeltheme.com\/?post_type=product&#038;p=748"},"modified":"2023-09-03T14:07:26","modified_gmt":"2023-09-03T11:07:26","slug":"doosan-dx340lc-2008","status":"publish","type":"product","link":"https:\/\/yhnmadencilik.com\/ru\/products\/doosan-dx340lc-2008\/","title":{"rendered":"DOOSAN DX340LC 2008"},"content":{"rendered":"","protected":false},"excerpt":{"rendered":"<p>Ekskavat\u00f6rlerin \u00e7ok fazla kullan\u0131m amac\u0131 vard\u0131r. Genel olarak kaz\u0131 i\u015flerinde kullan\u0131l\u0131rlar. \u0130\u015flerin daha h\u0131zl\u0131 ve iyi bir \u015fekilde yap\u0131lmas\u0131na olanak sa\u011flar. \u00c7al\u0131\u015fma sistemi olarak hidrolik ya\u011f bas\u0131nc\u0131 kullan\u0131l\u0131r.<\/p>\n<ul type=\"none\">\n<li><i class=\"fa fa-wrench\" style=\"color: #ffb716; margin-right: 10px;\"><\/i> Ta\u015f\u0131ma uzunlu\u011fu: 11.05 m<\/li>\n<li><i class=\"fa fa-wrench\" style=\"color: #ffb716; margin-right: 10px;\"><\/i> Ta\u015f\u0131ma geni\u015fli\u011fi: 3.29 m<\/li>\n<li><i class=\"fa fa-wrench\" style=\"color: #ffb716; margin-right: 10px;\"><\/i> Kova kapasitesi: 1,83 m\u00b3<\/li>\n<li><i class=\"fa fa-wrench\" style=\"color: #ffb716; margin-right: 10px;\"><\/i> \u015easi: LC<\/li>\n<li><i class=\"fa fa-wrench\" style=\"color: #ffb716; margin-right: 10px;\"><\/i> Par\u00e7a geni\u015fli\u011fi: 600 mm<\/li>\n<\/ul>\n","protected":false},"featured_media":2202,"template":"","meta":[],"product_cat":[43],"product_tag":[],"class_list":["post-748","product","type-product","status-publish","has-post-thumbnail","hentry","product_cat-vehicle-park"],"_links":{"self":[{"href":"https:\/\/yhnmadencilik.com\/ru\/wp-json\/wp\/v2\/product\/748","targetHints":{"allow":["GET"]}}],"collection":[{"href":"https:\/\/yhnmadencilik.com\/ru\/wp-json\/wp\/v2\/product"}],"about":[{"href":"https:\/\/yhnmadencilik.com\/ru\/wp-json\/wp\/v2\/types\/product"}],"wp:featuredmedia":[{"embeddable":true,"href":"https:\/\/yhnmadencilik.com\/ru\/wp-json\/wp\/v2\/media\/2202"}],"wp:attachment":[{"href":"https:\/\/yhnmadencilik.com\/ru\/wp-json\/wp\/v2\/media?parent=748"}],"wp:term":[{"taxonomy":"product_cat","embeddable":true,"href":"https:\/\/yhnmadencilik.com\/ru\/wp-json\/wp\/v2\/product_cat?post=748"},{"taxonomy":"product_tag","embeddable":true,"href":"https:\/\/yhnmadencilik.com\/ru\/wp-json\/wp\/v2\/product_tag?post=748"}],"curies":[{"name":"wp","href":"https:\/\/api.w.org\/{rel}","templated":true}]}}