{"id":750,"date":"2018-12-12T15:09:22","date_gmt":"2018-12-12T12:09:22","guid":{"rendered":"https:\/\/zidex.modeltheme.com\/?post_type=product&#038;p=750"},"modified":"2023-09-03T14:07:34","modified_gmt":"2023-09-03T11:07:34","slug":"doosan-dx480lca-2007","status":"publish","type":"product","link":"https:\/\/yhnmadencilik.com\/ru\/products\/doosan-dx480lca-2007\/","title":{"rendered":"DOOSAN DX480LCA 2007"},"content":{"rendered":"","protected":false},"excerpt":{"rendered":"<ul type=\"none\">\n<li><i class=\"fa fa-wrench\" style=\"color: #ffb716; margin-right: 10px;\"><\/i> A\u011f\u0131rl\u0131k: 49,4 T<\/li>\n<li><i class=\"fa fa-wrench\" style=\"color: #ffb716; margin-right: 10px;\"><\/i> Ta\u015f\u0131ma uzunlu\u011fu: 13,13 m<\/li>\n<li><i class=\"fa fa-wrench\" style=\"color: #ffb716; margin-right: 10px;\"><\/i> Ta\u015f\u0131ma geni\u015fli\u011fi: 3,34 m<\/li>\n<li><i class=\"fa fa-wrench\" style=\"color: #ffb716; margin-right: 10px;\"><\/i> Ta\u015f\u0131ma y\u00fcksekli\u011fi: 3,73 m<\/li>\n<li><i class=\"fa fa-wrench\" style=\"color: #ffb716; margin-right: 10px;\"><\/i> Kova kapasitesi: 2,14 m\u00b3<\/li>\n<li><i class=\"fa fa-wrench\" style=\"color: #ffb716; margin-right: 10px;\"><\/i> Par\u00e7a geni\u015fli\u011fi: 600 mm<\/li>\n<\/ul>\n","protected":false},"featured_media":2203,"template":"","meta":[],"product_cat":[43],"product_tag":[],"class_list":["post-750","product","type-product","status-publish","has-post-thumbnail","hentry","product_cat-vehicle-park"],"_links":{"self":[{"href":"https:\/\/yhnmadencilik.com\/ru\/wp-json\/wp\/v2\/product\/750","targetHints":{"allow":["GET"]}}],"collection":[{"href":"https:\/\/yhnmadencilik.com\/ru\/wp-json\/wp\/v2\/product"}],"about":[{"href":"https:\/\/yhnmadencilik.com\/ru\/wp-json\/wp\/v2\/types\/product"}],"wp:featuredmedia":[{"embeddable":true,"href":"https:\/\/yhnmadencilik.com\/ru\/wp-json\/wp\/v2\/media\/2203"}],"wp:attachment":[{"href":"https:\/\/yhnmadencilik.com\/ru\/wp-json\/wp\/v2\/media?parent=750"}],"wp:term":[{"taxonomy":"product_cat","embeddable":true,"href":"https:\/\/yhnmadencilik.com\/ru\/wp-json\/wp\/v2\/product_cat?post=750"},{"taxonomy":"product_tag","embeddable":true,"href":"https:\/\/yhnmadencilik.com\/ru\/wp-json\/wp\/v2\/product_tag?post=750"}],"curies":[{"name":"wp","href":"https:\/\/api.w.org\/{rel}","templated":true}]}}