{"id":752,"date":"2018-12-12T15:10:14","date_gmt":"2018-12-12T12:10:14","guid":{"rendered":"https:\/\/zidex.modeltheme.com\/?post_type=product&#038;p=752"},"modified":"2023-09-03T14:07:44","modified_gmt":"2023-09-03T11:07:44","slug":"liebherr-a914-compact","status":"publish","type":"product","link":"https:\/\/yhnmadencilik.com\/ru\/products\/liebherr-a914-compact\/","title":{"rendered":"LIEBHERR A 914 Compact 2022"},"content":{"rendered":"","protected":false},"excerpt":{"rendered":"<ul type=\"none\">\n<li><i class=\"fa fa-wrench\" style=\"color: #ffb716; margin-right: 10px;\"><\/i> A\u011f\u0131rl\u0131k: 15.1 T<\/li>\n<li><i class=\"fa fa-wrench\" style=\"color: #ffb716; margin-right: 10px;\"><\/i> Ta\u015f\u0131ma uzunlu\u011fu: 7.8 m<\/li>\n<li><i class=\"fa fa-wrench\" style=\"color: #ffb716; margin-right: 10px;\"><\/i> Ta\u015f\u0131ma geni\u015fli\u011fi: 2.5 m<\/li>\n<li><i class=\"fa fa-wrench\" style=\"color: #ffb716; margin-right: 10px;\"><\/i> Ta\u015f\u0131ma y\u00fcksekli\u011fi: 2.968 m<\/li>\n<li><i class=\"fa fa-wrench\" style=\"color: #ffb716; margin-right: 10px;\"><\/i> Kova kapasitesi: 0,17 m\u00b3<\/li>\n<li><i class=\"fa fa-wrench\" style=\"color: #ffb716; margin-right: 10px;\"><\/i> Par\u00e7a geni\u015fli\u011fi: 500 mm<\/li>\n<\/ul>\n","protected":false},"featured_media":2206,"template":"","meta":[],"product_cat":[43],"product_tag":[],"class_list":["post-752","product","type-product","status-publish","has-post-thumbnail","hentry","product_cat-vehicle-park"],"_links":{"self":[{"href":"https:\/\/yhnmadencilik.com\/ru\/wp-json\/wp\/v2\/product\/752","targetHints":{"allow":["GET"]}}],"collection":[{"href":"https:\/\/yhnmadencilik.com\/ru\/wp-json\/wp\/v2\/product"}],"about":[{"href":"https:\/\/yhnmadencilik.com\/ru\/wp-json\/wp\/v2\/types\/product"}],"wp:featuredmedia":[{"embeddable":true,"href":"https:\/\/yhnmadencilik.com\/ru\/wp-json\/wp\/v2\/media\/2206"}],"wp:attachment":[{"href":"https:\/\/yhnmadencilik.com\/ru\/wp-json\/wp\/v2\/media?parent=752"}],"wp:term":[{"taxonomy":"product_cat","embeddable":true,"href":"https:\/\/yhnmadencilik.com\/ru\/wp-json\/wp\/v2\/product_cat?post=752"},{"taxonomy":"product_tag","embeddable":true,"href":"https:\/\/yhnmadencilik.com\/ru\/wp-json\/wp\/v2\/product_tag?post=752"}],"curies":[{"name":"wp","href":"https:\/\/api.w.org\/{rel}","templated":true}]}}